{"id":15,"date":"2014-10-13T18:41:14","date_gmt":"2014-10-13T16:41:14","guid":{"rendered":"http:\/\/www.studioaes.it\/?page_id=15"},"modified":"2018-05-17T09:50:11","modified_gmt":"2018-05-17T07:50:11","slug":"studioaes","status":"publish","type":"page","link":"https:\/\/www.studioaes.it\/","title":{"rendered":"Studio A&#038;S"},"content":{"rendered":"<ul>\n<li><b>Studio A&amp;S <\/b>\u00e8 un&#8217;\u00a0<b>Azienda Leader <\/b>nel settore\u00a0<b>formativo medico scientifico<\/b> <b>da oltre <\/b><b>30 <\/b><b>anni<\/b>, iscritta <b>tra i primi provider ECM Nazionali<\/b>.<\/li>\n<li>Con un\u2019<b>organizzazione moderna e flessibile <\/b>e un&#8217;<b>ampia rete di contatti<\/b>, acquisiti in diversi anni di attivit\u00e0, <b>Studio A&amp;S <\/b>\u00e8 in grado di proporre <b>consulenze personalizzate, <\/b>attuando servizi adatti a soddisfare necessit\u00e0 specifiche in modo strutturato e completo.<\/li>\n<li><b>Studio A&amp;S <\/b>offre consulenza strategica nel settore scientifico e istituzionale,\u00a0organizza <b>Corsi, Congressi, Convention<\/b>e <b>Meeting Aziendali <\/b>in Italia e all\u2019estero e\u00a0collabora con importanti societ\u00e0 scientifiche.<\/li>\n<li class=\"Stile1\">Lo <strong>Studio A&amp;S<\/strong> \u00e8 Provider accreditato standard con il\u00a0nr.\u00a0565 presso il Ministero della Salute per l&#8217;attribuzione dei crediti formativi del <a title=\"ECM - Educazione continua in medicina\" href=\"http:\/\/www.salute.gov.it\/portale\/temi\/p2_4.jsp?area=ecm\" target=\"_blank\" rel=\"noopener\">Programma di Educazione Continua in Medicina &#8211; E.C.M.<\/a>\u00a0(Accordo Stato &#8211; Regioni 19\/04\/2012).<\/li>\n<li class=\"Stile1\">E&#8217; azienda certificata da <a title=\"SGS Italia\" href=\"http:\/\/www.sgsgroup.it\/\" target=\"_blank\" rel=\"noopener\">SGS Italia S.p.A.<\/a> (cert.n.IT11\/0044) in conformit\u00e0 ai requisiti di <a title=\"ISO 9001:2008\" href=\"http:\/\/www.iso.org\/iso\/iso_9000\" target=\"_blank\" rel=\"noopener\">ISO 9001 \/ UNI EN ISO 9001:2015<\/a> con il seguente campo applicativo: <strong>Progettazione, ed erogazione di servizi di formazione in ambito sanitario tipologia RES<\/strong>.<\/li>\n<\/ul>\n<p class=\"Stile1\">In queste pagine potete trovare le informazioni pi\u00f9 utili per conoscerci, la cronologia degli Eventi da noi organizzati negli anni scorsi e il calendario dei Congressi di quest&#8217;anno, con i relativi programmi e schede d&#8217;iscrizione.<\/p>\n<p class=\"Stile1\">Grazie per la vostra visita.<\/p>\n","protected":false},"excerpt":{"rendered":"<p>Studio A&amp;S \u00e8 un&#8217;\u00a0Azienda Leader nel settore\u00a0formativo medico scientifico da oltre 30 anni, iscritta tra i primi provider ECM Nazionali. Con un\u2019organizzazione moderna e flessibile e un&#8217;ampia rete di contatti, acquisiti in diversi anni di attivit\u00e0, Studio A&amp;S \u00e8 in grado di proporre consulenze personalizzate, attuando servizi adatti a soddisfare necessit\u00e0 specifiche in modo strutturato <a class=\"more-link\" href=\"https:\/\/www.studioaes.it\/\">Leggi tutto&#8230;<\/a><\/p>\n","protected":false},"author":2,"featured_media":0,"parent":0,"menu_order":0,"comment_status":"closed","ping_status":"closed","template":"","meta":{"footnotes":""},"_links":{"self":[{"href":"https:\/\/www.studioaes.it\/index.php?rest_route=\/wp\/v2\/pages\/15"}],"collection":[{"href":"https:\/\/www.studioaes.it\/index.php?rest_route=\/wp\/v2\/pages"}],"about":[{"href":"https:\/\/www.studioaes.it\/index.php?rest_route=\/wp\/v2\/types\/page"}],"author":[{"embeddable":true,"href":"https:\/\/www.studioaes.it\/index.php?rest_route=\/wp\/v2\/users\/2"}],"replies":[{"embeddable":true,"href":"https:\/\/www.studioaes.it\/index.php?rest_route=%2Fwp%2Fv2%2Fcomments&post=15"}],"version-history":[{"count":14,"href":"https:\/\/www.studioaes.it\/index.php?rest_route=\/wp\/v2\/pages\/15\/revisions"}],"predecessor-version":[{"id":1677,"href":"https:\/\/www.studioaes.it\/index.php?rest_route=\/wp\/v2\/pages\/15\/revisions\/1677"}],"wp:attachment":[{"href":"https:\/\/www.studioaes.it\/index.php?rest_route=%2Fwp%2Fv2%2Fmedia&parent=15"}],"curies":[{"name":"wp","href":"https:\/\/api.w.org\/{rel}","templated":true}]}}